{"id":7,"date":"2026-04-17T15:58:58","date_gmt":"2026-04-17T15:58:58","guid":{"rendered":"https:\/\/koretkoredu.no\/?page_id=7"},"modified":"2026-04-18T13:31:31","modified_gmt":"2026-04-18T13:31:31","slug":"koret-kor-e-du","status":"publish","type":"page","link":"https:\/\/koretkoredu.no\/","title":{"rendered":"Koret Kor e du"},"content":{"rendered":"\n<p class=\"has-text-align-left\">Et kor for unge voksne i Stavanger med \u00f8vinger annen hver uke.<\/p>\n\n\n\n<p class=\"has-text-align-left\">Vi er et frittst\u00e5ende kor, hvor de fleste er mellom 20 \u00e5r og 35 \u00e5r, som synger moderne pop-musikk og hos oss er alle velkomne, uten opptakskrav. &nbsp;\u200b<\/p>\n\n\n\n<p class=\"has-text-align-left\">V\u00e5rt m\u00e5l er \u00e5 spre glede og samhold gjennom musikk til b\u00e5de korister og publikum. Helt siden oppstarten i 2019 har v\u00e5rt \u00f8nske v\u00e6rt \u00e5 synge p\u00e5 et enkelt niv\u00e5 med muligheter for b\u00e5de solister og korister etter \u00f8nske.&nbsp;<\/p>\n\n\n\n<div class=\"wp-block-media-text alignfull has-media-on-the-right is-stacked-on-mobile is-image-fill-element\"><div class=\"wp-block-media-text__content\">\n<div class=\"wp-block-group has-global-padding is-layout-constrained wp-container-core-group-is-layout-08dbab59 wp-block-group-is-layout-constrained\" style=\"padding-top:var(--wp--preset--spacing--50);padding-bottom:var(--wp--preset--spacing--50)\">\n<div class=\"wp-block-group is-vertical is-content-justification-center is-layout-flex wp-container-core-group-is-layout-30778a02 wp-block-group-is-layout-flex\">\n<div class=\"wp-block-group has-global-padding is-layout-constrained wp-container-core-group-is-layout-e0082cf6 wp-block-group-is-layout-constrained\">\n<h2 class=\"wp-block-heading\">\u00d8vingsdatoer&nbsp;<\/h2>\n\n\n\n<h2 class=\"wp-block-heading\">Tid: 19:00-21:00<\/h2>\n<\/div>\n\n\n\n<ul class=\"wp-block-list\">\n<li>Tirsdag 20. Januar&nbsp;<\/li>\n\n\n\n<li>Tirsdag 03. Februar&nbsp;<\/li>\n\n\n\n<li>Tirsdag &nbsp;17. Februar<\/li>\n\n\n\n<li>Tirsdag &nbsp;03. Mars&nbsp;<\/li>\n\n\n\n<li>Tirsdag 17. Mars&nbsp;<\/li>\n\n\n\n<li>Tirsdag 31. Mars&nbsp;<\/li>\n\n\n\n<li>Tirsdag 14. April&nbsp;<\/li>\n\n\n\n<li>Tirsdag 28. April<\/li>\n\n\n\n<li>Tirsdag 12. Mai&nbsp;<\/li>\n\n\n\n<li>Tirsdag 26. Mai&nbsp;<\/li>\n<\/ul>\n<\/div>\n\n\n\n<div class=\"wp-block-group is-vertical is-content-justification-center is-layout-flex wp-container-core-group-is-layout-30778a02 wp-block-group-is-layout-flex\">\n<h2 class=\"wp-block-heading\">Siste inntaksdato:<\/h2>\n\n\n\n<h2 class=\"wp-block-heading\">17.Februar.<\/h2>\n<\/div>\n\n\n\n<div class=\"wp-block-group is-vertical is-content-justification-center is-layout-flex wp-container-core-group-is-layout-ce155fab wp-block-group-is-layout-flex\">\n<h2 class=\"wp-block-heading\">&nbsp;\u00d8vingssted<\/h2>\n\n\n\n<div class=\"wp-block-group is-vertical is-content-justification-center is-layout-flex wp-container-core-group-is-layout-81423f52 wp-block-group-is-layout-flex\">\n<p><strong>Hetland Videreg\u00e5ende skole\u00a0<\/strong><\/p>\n\n\n\n<p><strong>Breidablikkveien 16<\/strong><\/p>\n\n\n\n<p><strong>4017 Stavanger<\/strong><\/p>\n<\/div>\n<\/div>\n<\/div>\n<\/div><figure class=\"wp-block-media-text__media\"><img loading=\"lazy\" decoding=\"async\" width=\"1024\" height=\"683\" src=\"https:\/\/koretkoredu.no\/wp-content\/uploads\/2026\/04\/hetland_skole-1024x683.webp\" alt=\"\" class=\"wp-image-8 size-full\" style=\"object-position:50% 50%\" srcset=\"https:\/\/koretkoredu.no\/wp-content\/uploads\/2026\/04\/hetland_skole-1024x683.webp 1024w, https:\/\/koretkoredu.no\/wp-content\/uploads\/2026\/04\/hetland_skole-300x200.webp 300w, https:\/\/koretkoredu.no\/wp-content\/uploads\/2026\/04\/hetland_skole-768x512.webp 768w, https:\/\/koretkoredu.no\/wp-content\/uploads\/2026\/04\/hetland_skole-1536x1024.webp 1536w, https:\/\/koretkoredu.no\/wp-content\/uploads\/2026\/04\/hetland_skole.webp 1900w\" sizes=\"auto, (max-width: 1024px) 100vw, 1024px\" \/><\/figure><\/div>\n\n\n\n<figure class=\"wp-block-image size-large\"><img loading=\"lazy\" decoding=\"async\" width=\"1024\" height=\"476\" src=\"https:\/\/koretkoredu.no\/wp-content\/uploads\/2026\/04\/annonse-1024x476.jpg\" alt=\"\" class=\"wp-image-17\" srcset=\"https:\/\/koretkoredu.no\/wp-content\/uploads\/2026\/04\/annonse-1024x476.jpg 1024w, https:\/\/koretkoredu.no\/wp-content\/uploads\/2026\/04\/annonse-300x139.jpg 300w, https:\/\/koretkoredu.no\/wp-content\/uploads\/2026\/04\/annonse-768x357.jpg 768w, https:\/\/koretkoredu.no\/wp-content\/uploads\/2026\/04\/annonse-1536x714.jpg 1536w, https:\/\/koretkoredu.no\/wp-content\/uploads\/2026\/04\/annonse-2048x952.jpg 2048w\" sizes=\"auto, (max-width: 1024px) 100vw, 1024px\" \/><\/figure>\n\n\n\n<figure class=\"wp-block-image aligncenter size-medium\"><img loading=\"lazy\" decoding=\"async\" width=\"300\" height=\"300\" src=\"https:\/\/koretkoredu.no\/wp-content\/uploads\/2026\/04\/grasrotandelen-300x300.png\" alt=\"\" class=\"wp-image-18\" srcset=\"https:\/\/koretkoredu.no\/wp-content\/uploads\/2026\/04\/grasrotandelen-300x300.png 300w, https:\/\/koretkoredu.no\/wp-content\/uploads\/2026\/04\/grasrotandelen-150x150.png 150w, https:\/\/koretkoredu.no\/wp-content\/uploads\/2026\/04\/grasrotandelen-768x768.png 768w, https:\/\/koretkoredu.no\/wp-content\/uploads\/2026\/04\/grasrotandelen.png 1024w\" sizes=\"auto, (max-width: 300px) 100vw, 300px\" \/><\/figure>\n\n\n\n<h2 class=\"wp-block-heading has-text-align-center\"><a href=\"https:\/\/www.choirmate.com\" target=\"_blank\" rel=\"noreferrer noopener\">Koret bruker ChoirMate<\/a><\/h2>\n","protected":false},"excerpt":{"rendered":"<p>Et kor for unge voksne i Stavanger med \u00f8vinger annen hver uke. Vi er et frittst\u00e5ende kor, hvor de fleste er mellom 20 \u00e5r og 35 \u00e5r, som synger moderne pop-musikk og hos oss er alle velkomne, uten opptakskrav. &nbsp;\u200b V\u00e5rt m\u00e5l er \u00e5 spre glede og samhold gjennom musikk til b\u00e5de korister og publikum. [&hellip;]<\/p>\n","protected":false},"author":1,"featured_media":0,"parent":0,"menu_order":0,"comment_status":"closed","ping_status":"closed","template":"","meta":{"footnotes":""},"class_list":["post-7","page","type-page","status-publish","hentry"],"_links":{"self":[{"href":"https:\/\/koretkoredu.no\/index.php\/wp-json\/wp\/v2\/pages\/7","targetHints":{"allow":["GET"]}}],"collection":[{"href":"https:\/\/koretkoredu.no\/index.php\/wp-json\/wp\/v2\/pages"}],"about":[{"href":"https:\/\/koretkoredu.no\/index.php\/wp-json\/wp\/v2\/types\/page"}],"author":[{"embeddable":true,"href":"https:\/\/koretkoredu.no\/index.php\/wp-json\/wp\/v2\/users\/1"}],"replies":[{"embeddable":true,"href":"https:\/\/koretkoredu.no\/index.php\/wp-json\/wp\/v2\/comments?post=7"}],"version-history":[{"count":7,"href":"https:\/\/koretkoredu.no\/index.php\/wp-json\/wp\/v2\/pages\/7\/revisions"}],"predecessor-version":[{"id":46,"href":"https:\/\/koretkoredu.no\/index.php\/wp-json\/wp\/v2\/pages\/7\/revisions\/46"}],"wp:attachment":[{"href":"https:\/\/koretkoredu.no\/index.php\/wp-json\/wp\/v2\/media?parent=7"}],"curies":[{"name":"wp","href":"https:\/\/api.w.org\/{rel}","templated":true}]}}