{"id":20,"date":"2026-04-17T17:01:34","date_gmt":"2026-04-17T17:01:34","guid":{"rendered":"https:\/\/koretkoredu.no\/?page_id=20"},"modified":"2026-04-18T13:28:07","modified_gmt":"2026-04-18T13:28:07","slug":"om-oss","status":"publish","type":"page","link":"https:\/\/koretkoredu.no\/index.php\/om-oss\/","title":{"rendered":"Om oss"},"content":{"rendered":"\n<div class=\"wp-block-group has-global-padding is-layout-constrained wp-container-core-group-is-layout-121f5c54 wp-block-group-is-layout-constrained\" style=\"padding-top:var(--wp--preset--spacing--40);padding-bottom:var(--wp--preset--spacing--40)\">\n<h2 class=\"wp-block-heading\">V\u00e5re tjenester<\/h2>\n\n\n\n<div class=\"wp-block-group has-global-padding is-layout-constrained wp-container-core-group-is-layout-e0082cf6 wp-block-group-is-layout-constrained\">\n<h3 class=\"wp-block-heading\">1. Vi kan hjelpe med \u00e5 spre glede .&nbsp;<\/h3>\n\n\n\n<div class=\"wp-block-group is-vertical is-layout-flex wp-container-core-group-is-layout-c35747d5 wp-block-group-is-layout-flex\">\n<div class=\"wp-block-group has-global-padding is-layout-constrained wp-container-core-group-is-layout-19e250f3 wp-block-group-is-layout-constrained\">\n<p>Koret er glad i \u00e5 synge, enten det er p\u00e5 store eller sm\u00e5 tilstelninger . S\u00e5 lenge det st\u00e5r i tr\u00e5d med v\u00e5r frilynte fremtoning, s\u00e5 stiller vi p\u00e5:<\/p>\n\n\n\n<ul class=\"wp-block-list\">\n<li>Julebord&nbsp;<\/li>\n\n\n\n<li>Eldresenter&nbsp;<\/li>\n\n\n\n<li>Fengsel&nbsp;<\/li>\n\n\n\n<li>Kj\u00f8pesentre&nbsp;<\/li>\n\n\n\n<li>Eller andre steder som trenger litt varme i hverdagen.&nbsp;<\/li>\n<\/ul>\n<\/div>\n\n\n\n<div class=\"wp-block-group has-global-padding is-layout-constrained wp-container-core-group-is-layout-19e250f3 wp-block-group-is-layout-constrained\">\n<p>Vi kan ogs\u00e5 stille p\u00e5 st\u00f8rre oppsett som:<\/p>\n\n\n\n<ul class=\"wp-block-list\">\n<li>Musikal<\/li>\n\n\n\n<li>Teater&nbsp;<\/li>\n\n\n\n<li>Eller for enkelte artister som trenger koring .&nbsp;<\/li>\n<\/ul>\n<\/div>\n\n\n\n<p>Send oss gjerne en foresp\u00f8rsel p\u00e5 e-post til :&nbsp;<a href=\"mailto:koretkoredu@gmail.com\">koretkoredu@gmail.com<\/a>&nbsp;s\u00e5 kan vi sammen finne en l\u00f8sning p\u00e5 et godt resultat.&nbsp;<\/p>\n<\/div>\n<\/div>\n\n\n\n<div class=\"wp-block-group has-global-padding is-layout-constrained wp-container-core-group-is-layout-e0082cf6 wp-block-group-is-layout-constrained\">\n<h3 class=\"wp-block-heading\">2. Vi hjelper deg gjerne<\/h3>\n\n\n\n<div class=\"wp-block-group is-vertical is-layout-flex wp-container-core-group-is-layout-c35747d5 wp-block-group-is-layout-flex\">\n<p>Koret er et ungt kor som trenger litt midler. Vi er ikke redde for i \u00e5 ta i et tak i ny og ne,&nbsp;<\/p>\n\n\n\n<div class=\"wp-block-group has-global-padding is-layout-constrained wp-container-core-group-is-layout-19e250f3 wp-block-group-is-layout-constrained\">\n<p>I koret har vi god dugnads\u00e5nd og hjelper gjerne med:\u200b<\/p>\n\n\n\n<ul class=\"wp-block-list\">\n<li>Varetelling<\/li>\n\n\n\n<li>Rydding &nbsp;<\/li>\n\n\n\n<li>Parkeringsvakter&nbsp;<\/li>\n\n\n\n<li>Veivakter ved eks. sykkelritt&nbsp;<\/li>\n<\/ul>\n<\/div>\n\n\n\n<p>Trenger dere hjelp s\u00e5 ta kontakt med oss p\u00e5 e-post til :&nbsp;<a href=\"mailto:koretkoredu@gmail.com\">koretkoredu@gmail.com<\/a><\/p>\n<\/div>\n<\/div>\n<\/div>\n\n\n\n<div class=\"wp-block-group alignwide has-global-padding is-layout-constrained wp-block-group-is-layout-constrained\">\n<h2 class=\"wp-block-heading\">Styret<\/h2>\n\n\n\n<figure class=\"wp-block-gallery alignwide has-nested-images columns-5 is-cropped wp-block-gallery-1 is-layout-flex wp-block-gallery-is-layout-flex\">\n<figure class=\"wp-block-image size-large\"><img loading=\"lazy\" decoding=\"async\" width=\"682\" height=\"1024\" data-id=\"21\" src=\"https:\/\/koretkoredu.no\/wp-content\/uploads\/2026\/04\/astrid-682x1024.jpg\" alt=\"\" class=\"wp-image-21\" style=\"aspect-ratio:1\" srcset=\"https:\/\/koretkoredu.no\/wp-content\/uploads\/2026\/04\/astrid-682x1024.jpg 682w, https:\/\/koretkoredu.no\/wp-content\/uploads\/2026\/04\/astrid-200x300.jpg 200w, https:\/\/koretkoredu.no\/wp-content\/uploads\/2026\/04\/astrid-768x1152.jpg 768w, https:\/\/koretkoredu.no\/wp-content\/uploads\/2026\/04\/astrid.jpg 853w\" sizes=\"auto, (max-width: 682px) 100vw, 682px\" \/><figcaption class=\"wp-element-caption\"><br>Astrid L. Fr\u00f8seth<br>Styreleder\u200b<\/figcaption><\/figure>\n\n\n\n<figure class=\"wp-block-image size-large\"><img loading=\"lazy\" decoding=\"async\" width=\"768\" height=\"1024\" data-id=\"22\" src=\"https:\/\/koretkoredu.no\/wp-content\/uploads\/2026\/04\/hjordis-768x1024.jpeg\" alt=\"\" class=\"wp-image-22\" style=\"aspect-ratio:1\" srcset=\"https:\/\/koretkoredu.no\/wp-content\/uploads\/2026\/04\/hjordis-768x1024.jpeg 768w, https:\/\/koretkoredu.no\/wp-content\/uploads\/2026\/04\/hjordis-225x300.jpeg 225w, https:\/\/koretkoredu.no\/wp-content\/uploads\/2026\/04\/hjordis-1152x1536.jpeg 1152w, https:\/\/koretkoredu.no\/wp-content\/uploads\/2026\/04\/hjordis.jpeg 1536w\" sizes=\"auto, (max-width: 768px) 100vw, 768px\" \/><figcaption class=\"wp-element-caption\"><br>Hj\u00f8rdis M. Forsell<br>Sekret\u00e6r<\/figcaption><\/figure>\n\n\n\n<figure class=\"wp-block-image size-large\"><img loading=\"lazy\" decoding=\"async\" width=\"287\" height=\"323\" data-id=\"25\" src=\"https:\/\/koretkoredu.no\/wp-content\/uploads\/2026\/04\/alexandra.avif\" alt=\"\" class=\"wp-image-25\" style=\"aspect-ratio:1\"\/><figcaption class=\"wp-element-caption\"><br>Aleksandra Orzechowska-Niedziela<br>Dirgent<\/figcaption><\/figure>\n\n\n\n<figure class=\"wp-block-image size-medium\"><img loading=\"lazy\" decoding=\"async\" width=\"300\" height=\"300\" data-id=\"23\" src=\"https:\/\/koretkoredu.no\/wp-content\/uploads\/2026\/04\/atle-300x300.jpg\" alt=\"\" class=\"wp-image-23\" style=\"aspect-ratio:1\" srcset=\"https:\/\/koretkoredu.no\/wp-content\/uploads\/2026\/04\/atle-300x300.jpg 300w, https:\/\/koretkoredu.no\/wp-content\/uploads\/2026\/04\/atle-150x150.jpg 150w, https:\/\/koretkoredu.no\/wp-content\/uploads\/2026\/04\/atle-768x766.jpg 768w, https:\/\/koretkoredu.no\/wp-content\/uploads\/2026\/04\/atle.jpg 960w\" sizes=\"auto, (max-width: 300px) 100vw, 300px\" \/><figcaption class=\"wp-element-caption\"><br>Atle Hundsnes<br>Pianist<\/figcaption><\/figure>\n\n\n\n<figure class=\"wp-block-image size-large\"><img loading=\"lazy\" decoding=\"async\" width=\"903\" height=\"1024\" data-id=\"24\" src=\"https:\/\/koretkoredu.no\/wp-content\/uploads\/2026\/04\/eirik-903x1024.png\" alt=\"\" class=\"wp-image-24\" style=\"aspect-ratio:1\" srcset=\"https:\/\/koretkoredu.no\/wp-content\/uploads\/2026\/04\/eirik-903x1024.png 903w, https:\/\/koretkoredu.no\/wp-content\/uploads\/2026\/04\/eirik-264x300.png 264w, https:\/\/koretkoredu.no\/wp-content\/uploads\/2026\/04\/eirik-768x871.png 768w, https:\/\/koretkoredu.no\/wp-content\/uploads\/2026\/04\/eirik-1354x1536.png 1354w, https:\/\/koretkoredu.no\/wp-content\/uploads\/2026\/04\/eirik-1805x2048.png 1805w\" sizes=\"auto, (max-width: 903px) 100vw, 903px\" \/><figcaption class=\"wp-element-caption\"><br>Eirik Tvedt Jensen<br>Medlemsrepresentant<\/figcaption><\/figure>\n<\/figure>\n<\/div>\n","protected":false},"excerpt":{"rendered":"<p>V\u00e5re tjenester 1. Vi kan hjelpe med \u00e5 spre glede .&nbsp; Koret er glad i \u00e5 synge, enten det er p\u00e5 store eller sm\u00e5 tilstelninger . S\u00e5 lenge det st\u00e5r i tr\u00e5d med v\u00e5r frilynte fremtoning, s\u00e5 stiller vi p\u00e5: Vi kan ogs\u00e5 stille p\u00e5 st\u00f8rre oppsett som: Send oss gjerne en foresp\u00f8rsel p\u00e5 e-post [&hellip;]<\/p>\n","protected":false},"author":1,"featured_media":0,"parent":0,"menu_order":0,"comment_status":"closed","ping_status":"closed","template":"","meta":{"footnotes":""},"class_list":["post-20","page","type-page","status-publish","hentry"],"_links":{"self":[{"href":"https:\/\/koretkoredu.no\/index.php\/wp-json\/wp\/v2\/pages\/20","targetHints":{"allow":["GET"]}}],"collection":[{"href":"https:\/\/koretkoredu.no\/index.php\/wp-json\/wp\/v2\/pages"}],"about":[{"href":"https:\/\/koretkoredu.no\/index.php\/wp-json\/wp\/v2\/types\/page"}],"author":[{"embeddable":true,"href":"https:\/\/koretkoredu.no\/index.php\/wp-json\/wp\/v2\/users\/1"}],"replies":[{"embeddable":true,"href":"https:\/\/koretkoredu.no\/index.php\/wp-json\/wp\/v2\/comments?post=20"}],"version-history":[{"count":6,"href":"https:\/\/koretkoredu.no\/index.php\/wp-json\/wp\/v2\/pages\/20\/revisions"}],"predecessor-version":[{"id":45,"href":"https:\/\/koretkoredu.no\/index.php\/wp-json\/wp\/v2\/pages\/20\/revisions\/45"}],"wp:attachment":[{"href":"https:\/\/koretkoredu.no\/index.php\/wp-json\/wp\/v2\/media?parent=20"}],"curies":[{"name":"wp","href":"https:\/\/api.w.org\/{rel}","templated":true}]}}